{"id":65,"date":"2023-07-25T13:34:08","date_gmt":"2023-07-25T13:34:08","guid":{"rendered":"https:\/\/veri.pe\/?page_id=65"},"modified":"2023-08-05T19:45:44","modified_gmt":"2023-08-05T19:45:44","slug":"sobre-mi","status":"publish","type":"page","link":"https:\/\/veri.pe\/?page_id=65","title":{"rendered":"Sobre mi"},"content":{"rendered":"\t\t<div data-elementor-type=\"wp-page\" data-elementor-id=\"65\" class=\"elementor elementor-65\" data-elementor-post-type=\"page\">\n\t\t\t\t\t\t<section class=\"elementor-section elementor-top-section elementor-element elementor-element-47d0bd10 elementor-section-boxed elementor-section-height-default elementor-section-height-default\" data-id=\"47d0bd10\" data-element_type=\"section\" data-e-type=\"section\" data-settings=\"{&quot;shape_divider_bottom&quot;:&quot;waves&quot;,&quot;background_background&quot;:&quot;classic&quot;}\">\n\t\t\t\t\t\t\t<div class=\"elementor-background-overlay\"><\/div>\n\t\t\t\t\t\t<div class=\"elementor-shape elementor-shape-bottom\" aria-hidden=\"true\" data-negative=\"false\">\n\t\t\t<svg xmlns=\"http:\/\/www.w3.org\/2000\/svg\" viewBox=\"0 0 1000 100\" preserveAspectRatio=\"none\">\n\t<path class=\"elementor-shape-fill\" d=\"M421.9,6.5c22.6-2.5,51.5,0.4,75.5,5.3c23.6,4.9,70.9,23.5,100.5,35.7c75.8,32.2,133.7,44.5,192.6,49.7\n\tc23.6,2.1,48.7,3.5,103.4-2.5c54.7-6,106.2-25.6,106.2-25.6V0H0v30.3c0,0,72,32.6,158.4,30.5c39.2-0.7,92.8-6.7,134-22.4\n\tc21.2-8.1,52.2-18.2,79.7-24.2C399.3,7.9,411.6,7.5,421.9,6.5z\"\/>\n<\/svg>\t\t<\/div>\n\t\t\t\t\t<div class=\"elementor-container elementor-column-gap-default\">\n\t\t\t\t\t<div class=\"elementor-column elementor-col-100 elementor-top-column elementor-element elementor-element-ac605bc\" data-id=\"ac605bc\" data-element_type=\"column\" data-e-type=\"column\">\n\t\t\t<div class=\"elementor-widget-wrap elementor-element-populated\">\n\t\t\t\t\t\t<div class=\"elementor-element elementor-element-10c83ba0 elementor-widget__width-initial elementor-widget elementor-widget-heading\" data-id=\"10c83ba0\" data-element_type=\"widget\" data-e-type=\"widget\" data-widget_type=\"heading.default\">\n\t\t\t\t<div class=\"elementor-widget-container\">\n\t\t\t\t\t<h1 class=\"elementor-heading-title elementor-size-small\">Nicol\u00e1s Acevedo del Solar <\/h1>\t\t\t\t<\/div>\n\t\t\t\t<\/div>\n\t\t\t\t\t<\/div>\n\t\t<\/div>\n\t\t\t\t\t<\/div>\n\t\t<\/section>\n\t\t\t\t<section class=\"elementor-section elementor-top-section elementor-element elementor-element-3811b220 elementor-section-boxed elementor-section-height-default elementor-section-height-default\" data-id=\"3811b220\" data-element_type=\"section\" data-e-type=\"section\">\n\t\t\t\t\t\t<div class=\"elementor-container elementor-column-gap-extended\">\n\t\t\t\t\t<div class=\"elementor-column elementor-col-100 elementor-top-column elementor-element elementor-element-6b7cadf9\" data-id=\"6b7cadf9\" data-element_type=\"column\" data-e-type=\"column\">\n\t\t\t<div class=\"elementor-widget-wrap elementor-element-populated\">\n\t\t\t\t\t\t<div class=\"elementor-element elementor-element-519a8295 elementor-widget-tablet__width-initial elementor-widget elementor-widget-text-editor\" data-id=\"519a8295\" data-element_type=\"widget\" data-e-type=\"widget\" data-widget_type=\"text-editor.default\">\n\t\t\t\t<div class=\"elementor-widget-container\">\n\t\t\t\t\t\t\t\t\t<p>Mi nombre es Nicol\u00e1s Acevedo del Solar pero la mayor\u00eda me conoce como Veri. Responder qu\u00e9 hago siempre me ha sido dif\u00edcil porque diferentes disciplinas han logrado captar mi atenci\u00f3n. Escribo poemas, cuentos cortos, cr\u00f3nicas, guiones, grabo videos, los dirijo y los edito. Trabajo con resina ep\u00f3xica, madera, pintura en pigmentos y en alcohol. Tomo fotos, vuelo drones entre otras cosas que inundan mi mundo creativo.<\/p><p>Encasillar todas estas expresiones en un mismo sentimiento o una misma raz\u00f3n me ser\u00eda imposible, pues cada proyecto se manifiesta en la disciplina que mejor me permite sentir del tema que deseo comunicar. Si tuviese que unir algo en com\u00fan en todas estas disciplinas quiz\u00e1s ser\u00eda una necesidad de dejar algo f\u00edsico en este mundo y que trascienda la \u00fanica certeza que tengo de esta vida: mi segura muerte.<\/p>\t\t\t\t\t\t\t\t<\/div>\n\t\t\t\t<\/div>\n\t\t\t\t\t<\/div>\n\t\t<\/div>\n\t\t\t\t\t<\/div>\n\t\t<\/section>\n\t\t\t\t<section class=\"elementor-section elementor-top-section elementor-element elementor-element-b43bae9 elementor-section-boxed elementor-section-height-default elementor-section-height-default\" data-id=\"b43bae9\" data-element_type=\"section\" data-e-type=\"section\">\n\t\t\t\t\t\t<div class=\"elementor-container elementor-column-gap-default\">\n\t\t\t\t\t<div class=\"elementor-column elementor-col-100 elementor-top-column elementor-element elementor-element-0485041\" data-id=\"0485041\" data-element_type=\"column\" data-e-type=\"column\">\n\t\t\t<div class=\"elementor-widget-wrap elementor-element-populated\">\n\t\t\t\t\t\t<section class=\"elementor-section elementor-inner-section elementor-element elementor-element-b00bd3a elementor-section-boxed elementor-section-height-default elementor-section-height-default\" data-id=\"b00bd3a\" data-element_type=\"section\" data-e-type=\"section\">\n\t\t\t\t\t\t<div class=\"elementor-container elementor-column-gap-default\">\n\t\t\t\t\t<div class=\"elementor-column elementor-col-50 elementor-inner-column elementor-element elementor-element-0b2483b\" data-id=\"0b2483b\" data-element_type=\"column\" data-e-type=\"column\">\n\t\t\t<div class=\"elementor-widget-wrap elementor-element-populated\">\n\t\t\t\t\t\t<div class=\"elementor-element elementor-element-ae8d734 elementor-widget elementor-widget-image\" data-id=\"ae8d734\" data-element_type=\"widget\" data-e-type=\"widget\" data-widget_type=\"image.default\">\n\t\t\t\t<div class=\"elementor-widget-container\">\n\t\t\t\t\t\t\t\t\t\t\t\t\t\t\t<img fetchpriority=\"high\" decoding=\"async\" width=\"1365\" height=\"2048\" src=\"https:\/\/veri.pe\/wp-content\/uploads\/2023\/08\/DSC03100-1365x2048.jpg\" class=\"attachment-2048x2048 size-2048x2048 wp-image-425\" alt=\"\" srcset=\"https:\/\/veri.pe\/wp-content\/uploads\/2023\/08\/DSC03100-1365x2048.jpg 1365w, https:\/\/veri.pe\/wp-content\/uploads\/2023\/08\/DSC03100-200x300.jpg 200w, https:\/\/veri.pe\/wp-content\/uploads\/2023\/08\/DSC03100-683x1024.jpg 683w, https:\/\/veri.pe\/wp-content\/uploads\/2023\/08\/DSC03100-768x1152.jpg 768w, https:\/\/veri.pe\/wp-content\/uploads\/2023\/08\/DSC03100-1024x1536.jpg 1024w, https:\/\/veri.pe\/wp-content\/uploads\/2023\/08\/elementor\/thumbs\/DSC03100-scaled-qaf3kl3xq6g4ri15u1nluh5r3098tytmtffi6n7ghc.jpg 720w, https:\/\/veri.pe\/wp-content\/uploads\/2023\/08\/DSC03100-scaled.jpg 1707w\" sizes=\"(max-width: 1365px) 100vw, 1365px\" \/>\t\t\t\t\t\t\t\t\t\t\t\t\t\t\t<\/div>\n\t\t\t\t<\/div>\n\t\t\t\t\t<\/div>\n\t\t<\/div>\n\t\t\t\t<div class=\"elementor-column elementor-col-50 elementor-inner-column elementor-element elementor-element-bb835eb\" data-id=\"bb835eb\" data-element_type=\"column\" data-e-type=\"column\">\n\t\t\t<div class=\"elementor-widget-wrap elementor-element-populated\">\n\t\t\t\t\t\t<div class=\"elementor-element elementor-element-c6783b8 elementor-widget elementor-widget-text-editor\" data-id=\"c6783b8\" data-element_type=\"widget\" data-e-type=\"widget\" data-widget_type=\"text-editor.default\">\n\t\t\t\t<div class=\"elementor-widget-container\">\n\t\t\t\t\t\t\t\t\t<p><strong>Educaci\u00f3n:<\/strong><\/p><p><strong>Bachiller en<\/strong><\/p><p>Ciencias de la Comunicaci\u00f3n &#8211; Universidad San Ignacio de Loyola. (2014).<\/p><p><em>Lima, Per\u00fa.<\/em><\/p><p><strong>Magister en<\/strong><\/p><p>Creative Arts &#8211; Deakin University. (2018).\u00a0<\/p><p><em>Melbourne, Australia.<\/em><\/p>\t\t\t\t\t\t\t\t<\/div>\n\t\t\t\t<\/div>\n\t\t\t\t\t<\/div>\n\t\t<\/div>\n\t\t\t\t\t<\/div>\n\t\t<\/section>\n\t\t\t\t\t<\/div>\n\t\t<\/div>\n\t\t\t\t\t<\/div>\n\t\t<\/section>\n\t\t\t\t<\/div>\n\t\t","protected":false},"excerpt":{"rendered":"<p>Nicol\u00e1s Acevedo del Solar Mi nombre es Nicol\u00e1s Acevedo del Solar pero la mayor\u00eda me conoce como Veri. Responder qu\u00e9 hago siempre me ha sido dif\u00edcil porque diferentes disciplinas han logrado captar mi atenci\u00f3n. Escribo poemas, cuentos cortos, cr\u00f3nicas, guiones, grabo videos, los dirijo y los edito. Trabajo con resina ep\u00f3xica, madera, pintura en pigmentos [&hellip;]<\/p>\n","protected":false},"author":1,"featured_media":0,"parent":0,"menu_order":0,"comment_status":"closed","ping_status":"closed","template":"elementor_header_footer","meta":{"footnotes":""},"class_list":["post-65","page","type-page","status-publish","hentry"],"_links":{"self":[{"href":"https:\/\/veri.pe\/index.php?rest_route=\/wp\/v2\/pages\/65","targetHints":{"allow":["GET"]}}],"collection":[{"href":"https:\/\/veri.pe\/index.php?rest_route=\/wp\/v2\/pages"}],"about":[{"href":"https:\/\/veri.pe\/index.php?rest_route=\/wp\/v2\/types\/page"}],"author":[{"embeddable":true,"href":"https:\/\/veri.pe\/index.php?rest_route=\/wp\/v2\/users\/1"}],"replies":[{"embeddable":true,"href":"https:\/\/veri.pe\/index.php?rest_route=%2Fwp%2Fv2%2Fcomments&post=65"}],"version-history":[{"count":52,"href":"https:\/\/veri.pe\/index.php?rest_route=\/wp\/v2\/pages\/65\/revisions"}],"predecessor-version":[{"id":849,"href":"https:\/\/veri.pe\/index.php?rest_route=\/wp\/v2\/pages\/65\/revisions\/849"}],"wp:attachment":[{"href":"https:\/\/veri.pe\/index.php?rest_route=%2Fwp%2Fv2%2Fmedia&parent=65"}],"curies":[{"name":"wp","href":"https:\/\/api.w.org\/{rel}","templated":true}]}}