{"id":124,"date":"2023-07-28T12:47:24","date_gmt":"2023-07-28T12:47:24","guid":{"rendered":"https:\/\/veri.pe\/?page_id=124"},"modified":"2025-01-10T16:31:31","modified_gmt":"2025-01-10T16:31:31","slug":"skateboards","status":"publish","type":"page","link":"https:\/\/veri.pe\/?page_id=124","title":{"rendered":"Skateboards"},"content":{"rendered":"\t\t<div data-elementor-type=\"wp-page\" data-elementor-id=\"124\" class=\"elementor elementor-124\" data-elementor-post-type=\"page\">\n\t\t\t\t\t\t<section class=\"elementor-section elementor-top-section elementor-element elementor-element-bf7eb24 elementor-section-boxed elementor-section-height-default elementor-section-height-default\" data-id=\"bf7eb24\" data-element_type=\"section\" data-e-type=\"section\">\n\t\t\t\t\t\t<div class=\"elementor-container elementor-column-gap-default\">\n\t\t\t\t\t<div class=\"elementor-column elementor-col-100 elementor-top-column elementor-element elementor-element-84b046e\" data-id=\"84b046e\" data-element_type=\"column\" data-e-type=\"column\">\n\t\t\t<div class=\"elementor-widget-wrap elementor-element-populated\">\n\t\t\t\t\t\t<div class=\"elementor-element elementor-element-af03834 elementor-widget elementor-widget-heading\" data-id=\"af03834\" data-element_type=\"widget\" data-e-type=\"widget\" data-widget_type=\"heading.default\">\n\t\t\t\t<div class=\"elementor-widget-container\">\n\t\t\t\t\t<h2 class=\"elementor-heading-title elementor-size-default\">Skateboards<\/h2>\t\t\t\t<\/div>\n\t\t\t\t<\/div>\n\t\t\t\t<div class=\"elementor-element elementor-element-88cfd55 elementor-widget elementor-widget-text-editor\" data-id=\"88cfd55\" data-element_type=\"widget\" data-e-type=\"widget\" data-widget_type=\"text-editor.default\">\n\t\t\t\t<div class=\"elementor-widget-container\">\n\t\t\t\t\t\t\t\t\t<p><strong>Skateboarding is not a crime (2022)<\/strong><\/p>\n<p>\u201c<em>En un cierto momento el refugio no cumpl\u00eda con las especificaciones necesarias. El lugar de cobijo y seguridad no daba lo que ofrec\u00eda y fue entonces que entre ruedas y ara\u00f1ones me vi resguardado en la calle. Entre amigos que son familia. Entre ca\u00eddas contra el piso.<\/em>&nbsp;<em>En este constante desaf\u00edo a la gravedad. En este duelo personal por caer sobre la tabla de madera. Y pasar horas de horas. D\u00edas.<\/em>&nbsp;<em>A veces meses en una misma misi\u00f3n. Y todo por cumplir algo que dure tan solo dos segundos o quiz\u00e1s menos. Que dure un instante de la vida. Pues es el presente en su m\u00e1xima expresi\u00f3n. Es el estar ac\u00e1 y ahora real. El aprovechar cada segundo. El estar consciente de d\u00f3nde est\u00e1s<\/em>.<\/p>\n<p><em>Esto no puede ser un<\/em>&nbsp;<em>crimen<\/em>.\u201d<\/p>\t\t\t\t\t\t\t\t<\/div>\n\t\t\t\t<\/div>\n\t\t\t\t<div class=\"elementor-element elementor-element-6bdaaa9 elementor--h-position-center elementor--v-position-middle elementor-arrows-position-inside elementor-pagination-position-inside elementor-widget elementor-widget-slides\" data-id=\"6bdaaa9\" data-element_type=\"widget\" data-e-type=\"widget\" data-settings=\"{&quot;navigation&quot;:&quot;both&quot;,&quot;autoplay&quot;:&quot;yes&quot;,&quot;pause_on_hover&quot;:&quot;yes&quot;,&quot;pause_on_interaction&quot;:&quot;yes&quot;,&quot;autoplay_speed&quot;:5000,&quot;infinite&quot;:&quot;yes&quot;,&quot;transition&quot;:&quot;slide&quot;,&quot;transition_speed&quot;:500}\" data-widget_type=\"slides.default\">\n\t\t\t\t<div class=\"elementor-widget-container\">\n\t\t\t\t\t\t\t\t\t<div class=\"elementor-swiper\">\n\t\t\t\t\t<div class=\"elementor-slides-wrapper elementor-main-swiper swiper\" role=\"region\" aria-roledescription=\"carousel\" aria-label=\"Diapositivas\" dir=\"ltr\" data-animation=\"fadeInUp\">\n\t\t\t\t<div class=\"swiper-wrapper elementor-slides\">\n\t\t\t\t\t\t\t\t\t\t<div class=\"elementor-repeater-item-beb991f swiper-slide\" role=\"group\" aria-roledescription=\"slide\"><div class=\"swiper-slide-bg\" role=\"img\" aria-label=\"\"><\/div><div class=\"swiper-slide-inner\" ><div class=\"swiper-slide-contents\"><div class=\"elementor-slide-description\">Hecho absolutamente todo en resina ep\u00f3xica.<\/div><div  class=\"elementor-button elementor-slide-button elementor-size-sm\">100% hecho a mano<\/div><\/div><\/div><\/div><div class=\"elementor-repeater-item-f46c085 swiper-slide\" role=\"group\" aria-roledescription=\"slide\"><div class=\"swiper-slide-bg\" role=\"img\" aria-label=\"\"><\/div><div class=\"swiper-slide-inner\" ><div class=\"swiper-slide-contents\"><div class=\"elementor-slide-description\">Hecho absolutamente todo en resina ep\u00f3xica.<\/div><div  class=\"elementor-button elementor-slide-button elementor-size-sm\">100% hecho a mano<\/div><\/div><\/div><\/div><div class=\"elementor-repeater-item-b0759c1 swiper-slide\" role=\"group\" aria-roledescription=\"slide\"><div class=\"swiper-slide-bg\" role=\"img\" aria-label=\"\"><\/div><div class=\"swiper-slide-inner\" ><div class=\"swiper-slide-contents\"><div class=\"elementor-slide-description\">Hecho absolutamente todo en resina ep\u00f3xica.<\/div><div  class=\"elementor-button elementor-slide-button elementor-size-sm\">100% hecho a mano<\/div><\/div><\/div><\/div>\t\t\t\t<\/div>\n\t\t\t\t\t\t\t\t\t\t\t\t\t\t\t<div class=\"elementor-swiper-button elementor-swiper-button-prev\" role=\"button\" tabindex=\"0\" aria-label=\"Previous slide\">\n\t\t\t\t\t\t\t<i aria-hidden=\"true\" class=\"eicon-chevron-left\"><\/i>\t\t\t\t\t\t<\/div>\n\t\t\t\t\t\t<div class=\"elementor-swiper-button elementor-swiper-button-next\" role=\"button\" tabindex=\"0\" aria-label=\"Next slide\">\n\t\t\t\t\t\t\t<i aria-hidden=\"true\" class=\"eicon-chevron-right\"><\/i>\t\t\t\t\t\t<\/div>\n\t\t\t\t\t\t\t\t\t\t\t\t\t\t\t\t<div class=\"swiper-pagination\"><\/div>\n\t\t\t\t\t\t\t\t\t\t\t\t<\/div>\n\t\t\t\t<\/div>\n\t\t\t\t\t\t\t\t<\/div>\n\t\t\t\t<\/div>\n\t\t\t\t<div class=\"elementor-element elementor-element-9cebf7e elementor-widget elementor-widget-gallery\" data-id=\"9cebf7e\" data-element_type=\"widget\" data-e-type=\"widget\" data-settings=\"{&quot;lazyload&quot;:&quot;yes&quot;,&quot;gallery_layout&quot;:&quot;grid&quot;,&quot;columns&quot;:4,&quot;columns_tablet&quot;:2,&quot;columns_mobile&quot;:1,&quot;gap&quot;:{&quot;unit&quot;:&quot;px&quot;,&quot;size&quot;:10,&quot;sizes&quot;:[]},&quot;gap_tablet&quot;:{&quot;unit&quot;:&quot;px&quot;,&quot;size&quot;:10,&quot;sizes&quot;:[]},&quot;gap_mobile&quot;:{&quot;unit&quot;:&quot;px&quot;,&quot;size&quot;:10,&quot;sizes&quot;:[]},&quot;link_to&quot;:&quot;file&quot;,&quot;aspect_ratio&quot;:&quot;3:2&quot;,&quot;overlay_background&quot;:&quot;yes&quot;,&quot;content_hover_animation&quot;:&quot;fade-in&quot;}\" data-widget_type=\"gallery.default\">\n\t\t\t\t<div class=\"elementor-widget-container\">\n\t\t\t\t\t\t\t<div class=\"elementor-gallery__container\">\n\t\t\t\t\t\t\t<a class=\"e-gallery-item elementor-gallery-item elementor-animated-content\" href=\"https:\/\/veri.pe\/wp-content\/uploads\/2023\/08\/DSC03874-1-scaled.jpg\" data-elementor-open-lightbox=\"yes\" data-elementor-lightbox-slideshow=\"9cebf7e\" data-e-action-hash=\"#elementor-action%3Aaction%3Dlightbox%26settings%3DeyJpZCI6ODIzLCJ1cmwiOiJodHRwczpcL1wvdmVyaS5wZVwvd3AtY29udGVudFwvdXBsb2Fkc1wvMjAyM1wvMDhcL0RTQzAzODc0LTEtc2NhbGVkLmpwZyIsInNsaWRlc2hvdyI6IjljZWJmN2UifQ%3D%3D\">\n\t\t\t\t\t<div class=\"e-gallery-image elementor-gallery-item__image\" data-thumbnail=\"https:\/\/veri.pe\/wp-content\/uploads\/2023\/08\/DSC03874-1-2048x1638.jpg\" data-width=\"2048\" data-height=\"1638\" aria-label=\"\" role=\"img\" ><\/div>\n\t\t\t\t\t\t\t\t\t\t\t<div class=\"elementor-gallery-item__overlay\"><\/div>\n\t\t\t\t\t\t\t\t\t\t\t\t\t\t<\/a>\n\t\t\t\t\t\t\t<a class=\"e-gallery-item elementor-gallery-item elementor-animated-content\" href=\"https:\/\/veri.pe\/wp-content\/uploads\/2023\/08\/DSC03876-scaled.jpg\" data-elementor-open-lightbox=\"yes\" data-elementor-lightbox-slideshow=\"9cebf7e\" data-e-action-hash=\"#elementor-action%3Aaction%3Dlightbox%26settings%3DeyJpZCI6ODI0LCJ1cmwiOiJodHRwczpcL1wvdmVyaS5wZVwvd3AtY29udGVudFwvdXBsb2Fkc1wvMjAyM1wvMDhcL0RTQzAzODc2LXNjYWxlZC5qcGciLCJzbGlkZXNob3ciOiI5Y2ViZjdlIn0%3D\">\n\t\t\t\t\t<div class=\"e-gallery-image elementor-gallery-item__image\" data-thumbnail=\"https:\/\/veri.pe\/wp-content\/uploads\/2023\/08\/DSC03876-2048x1638.jpg\" data-width=\"2048\" data-height=\"1638\" aria-label=\"\" role=\"img\" ><\/div>\n\t\t\t\t\t\t\t\t\t\t\t<div class=\"elementor-gallery-item__overlay\"><\/div>\n\t\t\t\t\t\t\t\t\t\t\t\t\t\t<\/a>\n\t\t\t\t\t\t\t<a class=\"e-gallery-item elementor-gallery-item elementor-animated-content\" href=\"https:\/\/veri.pe\/wp-content\/uploads\/2023\/08\/DSC03877-1-scaled.jpg\" data-elementor-open-lightbox=\"yes\" data-elementor-lightbox-slideshow=\"9cebf7e\" data-e-action-hash=\"#elementor-action%3Aaction%3Dlightbox%26settings%3DeyJpZCI6ODI1LCJ1cmwiOiJodHRwczpcL1wvdmVyaS5wZVwvd3AtY29udGVudFwvdXBsb2Fkc1wvMjAyM1wvMDhcL0RTQzAzODc3LTEtc2NhbGVkLmpwZyIsInNsaWRlc2hvdyI6IjljZWJmN2UifQ%3D%3D\">\n\t\t\t\t\t<div class=\"e-gallery-image elementor-gallery-item__image\" data-thumbnail=\"https:\/\/veri.pe\/wp-content\/uploads\/2023\/08\/DSC03877-1-2048x1638.jpg\" data-width=\"2048\" data-height=\"1638\" aria-label=\"\" role=\"img\" ><\/div>\n\t\t\t\t\t\t\t\t\t\t\t<div class=\"elementor-gallery-item__overlay\"><\/div>\n\t\t\t\t\t\t\t\t\t\t\t\t\t\t<\/a>\n\t\t\t\t\t\t\t<a class=\"e-gallery-item elementor-gallery-item elementor-animated-content\" href=\"https:\/\/veri.pe\/wp-content\/uploads\/2023\/08\/DSC03803-scaled.jpg\" data-elementor-open-lightbox=\"yes\" data-elementor-lightbox-slideshow=\"9cebf7e\" data-e-action-hash=\"#elementor-action%3Aaction%3Dlightbox%26settings%3DeyJpZCI6ODE2LCJ1cmwiOiJodHRwczpcL1wvdmVyaS5wZVwvd3AtY29udGVudFwvdXBsb2Fkc1wvMjAyM1wvMDhcL0RTQzAzODAzLXNjYWxlZC5qcGciLCJzbGlkZXNob3ciOiI5Y2ViZjdlIn0%3D\">\n\t\t\t\t\t<div class=\"e-gallery-image elementor-gallery-item__image\" data-thumbnail=\"https:\/\/veri.pe\/wp-content\/uploads\/2023\/08\/DSC03803-1638x2048.jpg\" data-width=\"1638\" data-height=\"2048\" aria-label=\"\" role=\"img\" ><\/div>\n\t\t\t\t\t\t\t\t\t\t\t<div class=\"elementor-gallery-item__overlay\"><\/div>\n\t\t\t\t\t\t\t\t\t\t\t\t\t\t<\/a>\n\t\t\t\t\t\t\t<a class=\"e-gallery-item elementor-gallery-item elementor-animated-content\" href=\"https:\/\/veri.pe\/wp-content\/uploads\/2023\/08\/DSC03804-1-scaled.jpg\" data-elementor-open-lightbox=\"yes\" data-elementor-lightbox-slideshow=\"9cebf7e\" data-e-action-hash=\"#elementor-action%3Aaction%3Dlightbox%26settings%3DeyJpZCI6ODE4LCJ1cmwiOiJodHRwczpcL1wvdmVyaS5wZVwvd3AtY29udGVudFwvdXBsb2Fkc1wvMjAyM1wvMDhcL0RTQzAzODA0LTEtc2NhbGVkLmpwZyIsInNsaWRlc2hvdyI6IjljZWJmN2UifQ%3D%3D\">\n\t\t\t\t\t<div class=\"e-gallery-image elementor-gallery-item__image\" data-thumbnail=\"https:\/\/veri.pe\/wp-content\/uploads\/2023\/08\/DSC03804-1-1638x2048.jpg\" data-width=\"1638\" data-height=\"2048\" aria-label=\"\" role=\"img\" ><\/div>\n\t\t\t\t\t\t\t\t\t\t\t<div class=\"elementor-gallery-item__overlay\"><\/div>\n\t\t\t\t\t\t\t\t\t\t\t\t\t\t<\/a>\n\t\t\t\t\t\t\t<a class=\"e-gallery-item elementor-gallery-item elementor-animated-content\" href=\"https:\/\/veri.pe\/wp-content\/uploads\/2023\/08\/DSC03814-1-scaled.jpg\" data-elementor-open-lightbox=\"yes\" data-elementor-lightbox-slideshow=\"9cebf7e\" data-e-action-hash=\"#elementor-action%3Aaction%3Dlightbox%26settings%3DeyJpZCI6ODE5LCJ1cmwiOiJodHRwczpcL1wvdmVyaS5wZVwvd3AtY29udGVudFwvdXBsb2Fkc1wvMjAyM1wvMDhcL0RTQzAzODE0LTEtc2NhbGVkLmpwZyIsInNsaWRlc2hvdyI6IjljZWJmN2UifQ%3D%3D\">\n\t\t\t\t\t<div class=\"e-gallery-image elementor-gallery-item__image\" data-thumbnail=\"https:\/\/veri.pe\/wp-content\/uploads\/2023\/08\/DSC03814-1-1638x2048.jpg\" data-width=\"1638\" data-height=\"2048\" aria-label=\"\" role=\"img\" ><\/div>\n\t\t\t\t\t\t\t\t\t\t\t<div class=\"elementor-gallery-item__overlay\"><\/div>\n\t\t\t\t\t\t\t\t\t\t\t\t\t\t<\/a>\n\t\t\t\t\t\t\t<a class=\"e-gallery-item elementor-gallery-item elementor-animated-content\" href=\"https:\/\/veri.pe\/wp-content\/uploads\/2023\/08\/DSC03851-scaled.jpg\" data-elementor-open-lightbox=\"yes\" data-elementor-lightbox-slideshow=\"9cebf7e\" data-e-action-hash=\"#elementor-action%3Aaction%3Dlightbox%26settings%3DeyJpZCI6ODIxLCJ1cmwiOiJodHRwczpcL1wvdmVyaS5wZVwvd3AtY29udGVudFwvdXBsb2Fkc1wvMjAyM1wvMDhcL0RTQzAzODUxLXNjYWxlZC5qcGciLCJzbGlkZXNob3ciOiI5Y2ViZjdlIn0%3D\">\n\t\t\t\t\t<div class=\"e-gallery-image elementor-gallery-item__image\" data-thumbnail=\"https:\/\/veri.pe\/wp-content\/uploads\/2023\/08\/DSC03851-2048x1638.jpg\" data-width=\"2048\" data-height=\"1638\" aria-label=\"\" role=\"img\" ><\/div>\n\t\t\t\t\t\t\t\t\t\t\t<div class=\"elementor-gallery-item__overlay\"><\/div>\n\t\t\t\t\t\t\t\t\t\t\t\t\t\t<\/a>\n\t\t\t\t\t\t\t<a class=\"e-gallery-item elementor-gallery-item elementor-animated-content\" href=\"https:\/\/veri.pe\/wp-content\/uploads\/2023\/08\/DSC03855-scaled.jpg\" data-elementor-open-lightbox=\"yes\" data-elementor-lightbox-slideshow=\"9cebf7e\" data-e-action-hash=\"#elementor-action%3Aaction%3Dlightbox%26settings%3DeyJpZCI6ODIyLCJ1cmwiOiJodHRwczpcL1wvdmVyaS5wZVwvd3AtY29udGVudFwvdXBsb2Fkc1wvMjAyM1wvMDhcL0RTQzAzODU1LXNjYWxlZC5qcGciLCJzbGlkZXNob3ciOiI5Y2ViZjdlIn0%3D\">\n\t\t\t\t\t<div class=\"e-gallery-image elementor-gallery-item__image\" data-thumbnail=\"https:\/\/veri.pe\/wp-content\/uploads\/2023\/08\/DSC03855-2048x1638.jpg\" data-width=\"2048\" data-height=\"1638\" aria-label=\"\" role=\"img\" ><\/div>\n\t\t\t\t\t\t\t\t\t\t\t<div class=\"elementor-gallery-item__overlay\"><\/div>\n\t\t\t\t\t\t\t\t\t\t\t\t\t\t<\/a>\n\t\t\t\t\t<\/div>\n\t\t\t\t\t<\/div>\n\t\t\t\t<\/div>\n\t\t\t\t<div class=\"elementor-element elementor-element-59acdcd elementor-widget elementor-widget-image\" data-id=\"59acdcd\" data-element_type=\"widget\" data-e-type=\"widget\" data-widget_type=\"image.default\">\n\t\t\t\t<div class=\"elementor-widget-container\">\n\t\t\t\t\t\t\t\t\t\t\t\t\t\t\t<img fetchpriority=\"high\" decoding=\"async\" width=\"2048\" height=\"1638\" src=\"https:\/\/veri.pe\/wp-content\/uploads\/2023\/08\/DSC03847-2048x1638.jpg\" class=\"attachment-2048x2048 size-2048x2048 wp-image-820\" alt=\"\" srcset=\"https:\/\/veri.pe\/wp-content\/uploads\/2023\/08\/DSC03847-2048x1638.jpg 2048w, https:\/\/veri.pe\/wp-content\/uploads\/2023\/08\/DSC03847-300x240.jpg 300w, https:\/\/veri.pe\/wp-content\/uploads\/2023\/08\/DSC03847-1024x819.jpg 1024w, https:\/\/veri.pe\/wp-content\/uploads\/2023\/08\/DSC03847-768x614.jpg 768w, https:\/\/veri.pe\/wp-content\/uploads\/2023\/08\/DSC03847-1536x1229.jpg 1536w\" sizes=\"(max-width: 2048px) 100vw, 2048px\" \/>\t\t\t\t\t\t\t\t\t\t\t\t\t\t\t<\/div>\n\t\t\t\t<\/div>\n\t\t\t\t<div class=\"elementor-element elementor-element-151b255 elementor-widget elementor-widget-text-editor\" data-id=\"151b255\" data-element_type=\"widget\" data-e-type=\"widget\" data-widget_type=\"text-editor.default\">\n\t\t\t\t<div class=\"elementor-widget-container\">\n\t\t\t\t\t\t\t\t\t<p><strong>Especificaciones t\u00e9cnicas:<\/strong><\/p><p>*Este skateboard fue hecho 100% a mano en resina ep\u00f3xica.<\/p><p>*Cada rueda, rodaje, tuerca, parte de los trucks, goma y huacha es de resina ep\u00f3xica.<\/p><p>*Pieza \u00fanica, nunca antes vista en el mundo.<\/p>\t\t\t\t\t\t\t\t<\/div>\n\t\t\t\t<\/div>\n\t\t\t\t\t<\/div>\n\t\t<\/div>\n\t\t\t\t\t<\/div>\n\t\t<\/section>\n\t\t\t\t<\/div>\n\t\t","protected":false},"excerpt":{"rendered":"<p>Skateboards Skateboarding is not a crime (2022) \u201cEn un cierto momento el refugio no cumpl\u00eda con las especificaciones necesarias. El lugar de cobijo y seguridad no daba lo que ofrec\u00eda y fue entonces que entre ruedas y ara\u00f1ones me vi resguardado en la calle. Entre amigos que son familia. Entre ca\u00eddas contra el piso.&nbsp;En este [&hellip;]<\/p>\n","protected":false},"author":1,"featured_media":0,"parent":0,"menu_order":0,"comment_status":"closed","ping_status":"closed","template":"","meta":{"footnotes":""},"class_list":["post-124","page","type-page","status-publish","hentry"],"_links":{"self":[{"href":"https:\/\/veri.pe\/index.php?rest_route=\/wp\/v2\/pages\/124","targetHints":{"allow":["GET"]}}],"collection":[{"href":"https:\/\/veri.pe\/index.php?rest_route=\/wp\/v2\/pages"}],"about":[{"href":"https:\/\/veri.pe\/index.php?rest_route=\/wp\/v2\/types\/page"}],"author":[{"embeddable":true,"href":"https:\/\/veri.pe\/index.php?rest_route=\/wp\/v2\/users\/1"}],"replies":[{"embeddable":true,"href":"https:\/\/veri.pe\/index.php?rest_route=%2Fwp%2Fv2%2Fcomments&post=124"}],"version-history":[{"count":16,"href":"https:\/\/veri.pe\/index.php?rest_route=\/wp\/v2\/pages\/124\/revisions"}],"predecessor-version":[{"id":939,"href":"https:\/\/veri.pe\/index.php?rest_route=\/wp\/v2\/pages\/124\/revisions\/939"}],"wp:attachment":[{"href":"https:\/\/veri.pe\/index.php?rest_route=%2Fwp%2Fv2%2Fmedia&parent=124"}],"curies":[{"name":"wp","href":"https:\/\/api.w.org\/{rel}","templated":true}]}}