{"id":115,"date":"2023-07-28T12:46:13","date_gmt":"2023-07-28T12:46:13","guid":{"rendered":"https:\/\/veri.pe\/?page_id=115"},"modified":"2024-02-28T15:44:35","modified_gmt":"2024-02-28T15:44:35","slug":"publicaciones","status":"publish","type":"page","link":"https:\/\/veri.pe\/?page_id=115","title":{"rendered":"Publicaciones"},"content":{"rendered":"\t\t<div data-elementor-type=\"wp-page\" data-elementor-id=\"115\" class=\"elementor elementor-115\" data-elementor-post-type=\"page\">\n\t\t\t\t\t\t<section class=\"elementor-section elementor-top-section elementor-element elementor-element-2d28092 elementor-section-boxed elementor-section-height-default elementor-section-height-default\" data-id=\"2d28092\" data-element_type=\"section\" data-e-type=\"section\">\n\t\t\t\t\t\t<div class=\"elementor-container elementor-column-gap-default\">\n\t\t\t\t\t<div class=\"elementor-column elementor-col-100 elementor-top-column elementor-element elementor-element-fd3eaee\" data-id=\"fd3eaee\" data-element_type=\"column\" data-e-type=\"column\">\n\t\t\t<div class=\"elementor-widget-wrap elementor-element-populated\">\n\t\t\t\t\t\t<div class=\"elementor-element elementor-element-b107128 elementor-widget elementor-widget-heading\" data-id=\"b107128\" data-element_type=\"widget\" data-e-type=\"widget\" data-widget_type=\"heading.default\">\n\t\t\t\t<div class=\"elementor-widget-container\">\n\t\t\t\t\t<h1 class=\"elementor-heading-title elementor-size-large\">Publicaciones<\/h1>\t\t\t\t<\/div>\n\t\t\t\t<\/div>\n\t\t\t\t\t<\/div>\n\t\t<\/div>\n\t\t\t\t\t<\/div>\n\t\t<\/section>\n\t\t\t\t<section class=\"elementor-section elementor-top-section elementor-element elementor-element-7b6f024 elementor-section-boxed elementor-section-height-default elementor-section-height-default\" data-id=\"7b6f024\" data-element_type=\"section\" data-e-type=\"section\">\n\t\t\t\t\t\t<div class=\"elementor-container elementor-column-gap-default\">\n\t\t\t\t\t<div class=\"elementor-column elementor-col-100 elementor-top-column elementor-element elementor-element-84a2bf8\" data-id=\"84a2bf8\" data-element_type=\"column\" data-e-type=\"column\">\n\t\t\t<div class=\"elementor-widget-wrap elementor-element-populated\">\n\t\t\t\t\t\t<section class=\"elementor-section elementor-inner-section elementor-element elementor-element-7cc52ee elementor-section-boxed elementor-section-height-default elementor-section-height-default\" data-id=\"7cc52ee\" data-element_type=\"section\" data-e-type=\"section\">\n\t\t\t\t\t\t<div class=\"elementor-container elementor-column-gap-default\">\n\t\t\t\t\t<div class=\"elementor-column elementor-col-50 elementor-inner-column elementor-element elementor-element-b6d0428\" data-id=\"b6d0428\" data-element_type=\"column\" data-e-type=\"column\">\n\t\t\t<div class=\"elementor-widget-wrap elementor-element-populated\">\n\t\t\t\t\t\t<div class=\"elementor-element elementor-element-844bb45 elementor-widget__width-initial elementor-widget elementor-widget-text-editor\" data-id=\"844bb45\" data-element_type=\"widget\" data-e-type=\"widget\" data-widget_type=\"text-editor.default\">\n\t\t\t\t<div class=\"elementor-widget-container\">\n\t\t\t\t\t\t\t\t\t<p><b>Quimera (2019)<\/b><\/p>\n<p>\u201cEs amor y desamor. Es alcanzar lo imposible. Es la calma, la tranquilidad. El caos y el placer. Es el deseo, la imaginaci\u00f3n y las ganas. Es esta necedad de correr en contra del viento y el reloj. Es la quimera de mis d\u00edas. Es la quimera de mi vida.\u201d<\/p>\n<p>\u201c<em>It is love and heartbreak. It is reaching the impossible. It is the calm, the tranquility, the chaos, and the pleasure. It is the desire, the imagination, and the wanting to. It is this nonsense of running against the wind and the clock. It is the chimera of my days. It is the chimera of my life.<\/em>\u201c<\/p>\t\t\t\t\t\t\t\t<\/div>\n\t\t\t\t<\/div>\n\t\t\t\t\t<\/div>\n\t\t<\/div>\n\t\t\t\t<div class=\"elementor-column elementor-col-50 elementor-inner-column elementor-element elementor-element-1726c03\" data-id=\"1726c03\" data-element_type=\"column\" data-e-type=\"column\">\n\t\t\t<div class=\"elementor-widget-wrap elementor-element-populated\">\n\t\t\t\t\t\t<div class=\"elementor-element elementor-element-a055fd8 elementor-widget elementor-widget-image\" data-id=\"a055fd8\" data-element_type=\"widget\" data-e-type=\"widget\" data-widget_type=\"image.default\">\n\t\t\t\t<div class=\"elementor-widget-container\">\n\t\t\t\t\t\t\t\t\t\t\t\t\t\t\t<img fetchpriority=\"high\" decoding=\"async\" width=\"1638\" height=\"2048\" src=\"https:\/\/veri.pe\/wp-content\/uploads\/2023\/08\/DSC03756-1638x2048.jpg\" class=\"attachment-2048x2048 size-2048x2048 wp-image-415\" alt=\"\" srcset=\"https:\/\/veri.pe\/wp-content\/uploads\/2023\/08\/DSC03756-1638x2048.jpg 1638w, https:\/\/veri.pe\/wp-content\/uploads\/2023\/08\/DSC03756-240x300.jpg 240w, https:\/\/veri.pe\/wp-content\/uploads\/2023\/08\/DSC03756-819x1024.jpg 819w, https:\/\/veri.pe\/wp-content\/uploads\/2023\/08\/DSC03756-768x960.jpg 768w, https:\/\/veri.pe\/wp-content\/uploads\/2023\/08\/DSC03756-1229x1536.jpg 1229w, https:\/\/veri.pe\/wp-content\/uploads\/2023\/08\/DSC03756-scaled.jpg 2048w\" sizes=\"(max-width: 1638px) 100vw, 1638px\" \/>\t\t\t\t\t\t\t\t\t\t\t\t\t\t\t<\/div>\n\t\t\t\t<\/div>\n\t\t\t\t\t<\/div>\n\t\t<\/div>\n\t\t\t\t\t<\/div>\n\t\t<\/section>\n\t\t\t\t\t<\/div>\n\t\t<\/div>\n\t\t\t\t\t<\/div>\n\t\t<\/section>\n\t\t\t\t<section class=\"elementor-section elementor-top-section elementor-element elementor-element-fb1b2e5 elementor-section-boxed elementor-section-height-default elementor-section-height-default\" data-id=\"fb1b2e5\" data-element_type=\"section\" data-e-type=\"section\">\n\t\t\t\t\t\t<div class=\"elementor-container elementor-column-gap-default\">\n\t\t\t\t\t<div class=\"elementor-column elementor-col-100 elementor-top-column elementor-element elementor-element-c852016\" data-id=\"c852016\" data-element_type=\"column\" data-e-type=\"column\">\n\t\t\t<div class=\"elementor-widget-wrap elementor-element-populated\">\n\t\t\t\t\t\t<div class=\"elementor-element elementor-element-d3bfc83 elementor-widget elementor-widget-text-editor\" data-id=\"d3bfc83\" data-element_type=\"widget\" data-e-type=\"widget\" data-widget_type=\"text-editor.default\">\n\t\t\t\t<div class=\"elementor-widget-container\">\n\t\t\t\t\t\t\t\t\t<p><b>F\u00e1rrago (2023)<\/b><\/p>\n<p>\u201cEn mi mente se confunden ideas con verdades, todo se convierte en un f\u00e1rrago donde debo de aprender a vivir, estar y disfrutar.\u201d<\/p>\n<p>\u201c<em>In my mind ideas are confused with truths, and everything becomes a farrago where I must learn to live, be and enjoy.<\/em>\u201c<\/p>\t\t\t\t\t\t\t\t<\/div>\n\t\t\t\t<\/div>\n\t\t\t\t\t<\/div>\n\t\t<\/div>\n\t\t\t\t\t<\/div>\n\t\t<\/section>\n\t\t\t\t<section class=\"elementor-section elementor-top-section elementor-element elementor-element-c54d0b5 elementor-section-boxed elementor-section-height-default elementor-section-height-default\" data-id=\"c54d0b5\" data-element_type=\"section\" data-e-type=\"section\">\n\t\t\t\t\t\t<div class=\"elementor-container elementor-column-gap-default\">\n\t\t\t\t\t<div class=\"elementor-column elementor-col-100 elementor-top-column elementor-element elementor-element-3533470\" data-id=\"3533470\" data-element_type=\"column\" data-e-type=\"column\">\n\t\t\t<div class=\"elementor-widget-wrap elementor-element-populated\">\n\t\t\t\t\t\t<div class=\"elementor-element elementor-element-087ddea elementor-widget elementor-widget-gallery\" data-id=\"087ddea\" data-element_type=\"widget\" data-e-type=\"widget\" data-settings=\"{&quot;lazyload&quot;:&quot;yes&quot;,&quot;gallery_layout&quot;:&quot;grid&quot;,&quot;columns&quot;:4,&quot;columns_tablet&quot;:2,&quot;columns_mobile&quot;:1,&quot;gap&quot;:{&quot;unit&quot;:&quot;px&quot;,&quot;size&quot;:10,&quot;sizes&quot;:[]},&quot;gap_tablet&quot;:{&quot;unit&quot;:&quot;px&quot;,&quot;size&quot;:10,&quot;sizes&quot;:[]},&quot;gap_mobile&quot;:{&quot;unit&quot;:&quot;px&quot;,&quot;size&quot;:10,&quot;sizes&quot;:[]},&quot;link_to&quot;:&quot;file&quot;,&quot;aspect_ratio&quot;:&quot;3:2&quot;,&quot;overlay_background&quot;:&quot;yes&quot;,&quot;content_hover_animation&quot;:&quot;fade-in&quot;}\" data-widget_type=\"gallery.default\">\n\t\t\t\t<div class=\"elementor-widget-container\">\n\t\t\t\t\t\t\t<div class=\"elementor-gallery__container\">\n\t\t\t\t\t\t\t<a class=\"e-gallery-item elementor-gallery-item elementor-animated-content\" href=\"https:\/\/veri.pe\/wp-content\/uploads\/2023\/08\/DSC03033-1-1-scaled.jpg\" data-elementor-open-lightbox=\"yes\" data-elementor-lightbox-slideshow=\"087ddea\" data-e-action-hash=\"#elementor-action%3Aaction%3Dlightbox%26settings%3DeyJpZCI6NDIzLCJ1cmwiOiJodHRwczpcL1wvdmVyaS5wZVwvd3AtY29udGVudFwvdXBsb2Fkc1wvMjAyM1wvMDhcL0RTQzAzMDMzLTEtMS1zY2FsZWQuanBnIiwic2xpZGVzaG93IjoiMDg3ZGRlYSJ9\">\n\t\t\t\t\t<div class=\"e-gallery-image elementor-gallery-item__image\" data-thumbnail=\"https:\/\/veri.pe\/wp-content\/uploads\/2023\/08\/DSC03033-1-1-1345x2048.jpg\" data-width=\"1345\" data-height=\"2048\" aria-label=\"\" role=\"img\" ><\/div>\n\t\t\t\t\t\t\t\t\t\t\t<div class=\"elementor-gallery-item__overlay\"><\/div>\n\t\t\t\t\t\t\t\t\t\t\t\t\t\t<\/a>\n\t\t\t\t\t\t\t<a class=\"e-gallery-item elementor-gallery-item elementor-animated-content\" href=\"https:\/\/veri.pe\/wp-content\/uploads\/2023\/08\/DSC02992-1-1-scaled.jpg\" data-elementor-open-lightbox=\"yes\" data-elementor-lightbox-slideshow=\"087ddea\" data-e-action-hash=\"#elementor-action%3Aaction%3Dlightbox%26settings%3DeyJpZCI6NDIwLCJ1cmwiOiJodHRwczpcL1wvdmVyaS5wZVwvd3AtY29udGVudFwvdXBsb2Fkc1wvMjAyM1wvMDhcL0RTQzAyOTkyLTEtMS1zY2FsZWQuanBnIiwic2xpZGVzaG93IjoiMDg3ZGRlYSJ9\">\n\t\t\t\t\t<div class=\"e-gallery-image elementor-gallery-item__image\" data-thumbnail=\"https:\/\/veri.pe\/wp-content\/uploads\/2023\/08\/DSC02992-1-1-1365x2048.jpg\" data-width=\"1365\" data-height=\"2048\" aria-label=\"\" role=\"img\" ><\/div>\n\t\t\t\t\t\t\t\t\t\t\t<div class=\"elementor-gallery-item__overlay\"><\/div>\n\t\t\t\t\t\t\t\t\t\t\t\t\t\t<\/a>\n\t\t\t\t\t\t\t<a class=\"e-gallery-item elementor-gallery-item elementor-animated-content\" href=\"https:\/\/veri.pe\/wp-content\/uploads\/2023\/08\/DSC03021-scaled.jpg\" data-elementor-open-lightbox=\"yes\" data-elementor-lightbox-slideshow=\"087ddea\" data-e-action-hash=\"#elementor-action%3Aaction%3Dlightbox%26settings%3DeyJpZCI6NDIyLCJ1cmwiOiJodHRwczpcL1wvdmVyaS5wZVwvd3AtY29udGVudFwvdXBsb2Fkc1wvMjAyM1wvMDhcL0RTQzAzMDIxLXNjYWxlZC5qcGciLCJzbGlkZXNob3ciOiIwODdkZGVhIn0%3D\">\n\t\t\t\t\t<div class=\"e-gallery-image elementor-gallery-item__image\" data-thumbnail=\"https:\/\/veri.pe\/wp-content\/uploads\/2023\/08\/DSC03021-1365x2048.jpg\" data-width=\"1365\" data-height=\"2048\" aria-label=\"\" role=\"img\" ><\/div>\n\t\t\t\t\t\t\t\t\t\t\t<div class=\"elementor-gallery-item__overlay\"><\/div>\n\t\t\t\t\t\t\t\t\t\t\t\t\t\t<\/a>\n\t\t\t\t\t\t\t<a class=\"e-gallery-item elementor-gallery-item elementor-animated-content\" href=\"https:\/\/veri.pe\/wp-content\/uploads\/2023\/08\/DSC03242-scaled.jpg\" data-elementor-open-lightbox=\"yes\" data-elementor-lightbox-slideshow=\"087ddea\" data-e-action-hash=\"#elementor-action%3Aaction%3Dlightbox%26settings%3DeyJpZCI6NDI2LCJ1cmwiOiJodHRwczpcL1wvdmVyaS5wZVwvd3AtY29udGVudFwvdXBsb2Fkc1wvMjAyM1wvMDhcL0RTQzAzMjQyLXNjYWxlZC5qcGciLCJzbGlkZXNob3ciOiIwODdkZGVhIn0%3D\">\n\t\t\t\t\t<div class=\"e-gallery-image elementor-gallery-item__image\" data-thumbnail=\"https:\/\/veri.pe\/wp-content\/uploads\/2023\/08\/DSC03242-1365x2048.jpg\" data-width=\"1365\" data-height=\"2048\" aria-label=\"\" role=\"img\" ><\/div>\n\t\t\t\t\t\t\t\t\t\t\t<div class=\"elementor-gallery-item__overlay\"><\/div>\n\t\t\t\t\t\t\t\t\t\t\t\t\t\t<\/a>\n\t\t\t\t\t<\/div>\n\t\t\t\t\t<\/div>\n\t\t\t\t<\/div>\n\t\t\t\t\t<\/div>\n\t\t<\/div>\n\t\t\t\t\t<\/div>\n\t\t<\/section>\n\t\t\t\t<section class=\"elementor-section elementor-top-section elementor-element elementor-element-e3c83b1 elementor-section-boxed elementor-section-height-default elementor-section-height-default\" data-id=\"e3c83b1\" data-element_type=\"section\" data-e-type=\"section\">\n\t\t\t\t\t\t<div class=\"elementor-container elementor-column-gap-default\">\n\t\t\t\t\t<div class=\"elementor-column elementor-col-100 elementor-top-column elementor-element elementor-element-81ab0fd\" data-id=\"81ab0fd\" data-element_type=\"column\" data-e-type=\"column\">\n\t\t\t<div class=\"elementor-widget-wrap elementor-element-populated\">\n\t\t\t\t\t\t<div class=\"elementor-element elementor-element-41f74f1 elementor-widget elementor-widget-text-editor\" data-id=\"41f74f1\" data-element_type=\"widget\" data-e-type=\"widget\" data-widget_type=\"text-editor.default\">\n\t\t\t\t<div class=\"elementor-widget-container\">\n\t\t\t\t\t\t\t\t\t<p><b>Solo in the paradise (2024)<\/b><\/p>\n<p>\u00abTen\u00eda 25 a\u00f1os, me dejaba crecer el pelo por tercera vez en mi vida, tra\u00eda cuatro maletas y no pensaba volver m\u00e1s a Lima\u00bb<i style=\"\">.<\/i><\/p>\n<p><i style=\"\">\u00abI was 25 years old and was growing my hair long for the third time my life, I had four suitcases with me and I wasn&#8217;t planning on ever going back to Lima\u00bb.<\/i><\/p>\t\t\t\t\t\t\t\t<\/div>\n\t\t\t\t<\/div>\n\t\t\t\t\t<\/div>\n\t\t<\/div>\n\t\t\t\t\t<\/div>\n\t\t<\/section>\n\t\t\t\t<section class=\"elementor-section elementor-top-section elementor-element elementor-element-71d7a32 elementor-section-boxed elementor-section-height-default elementor-section-height-default\" data-id=\"71d7a32\" data-element_type=\"section\" data-e-type=\"section\">\n\t\t\t\t\t\t<div class=\"elementor-container elementor-column-gap-default\">\n\t\t\t\t\t<div class=\"elementor-column elementor-col-33 elementor-top-column elementor-element elementor-element-5f87987\" data-id=\"5f87987\" data-element_type=\"column\" data-e-type=\"column\">\n\t\t\t<div class=\"elementor-widget-wrap elementor-element-populated\">\n\t\t\t\t\t\t<div class=\"elementor-element elementor-element-e5ff973 elementor-widget elementor-widget-image\" data-id=\"e5ff973\" data-element_type=\"widget\" data-e-type=\"widget\" data-widget_type=\"image.default\">\n\t\t\t\t<div class=\"elementor-widget-container\">\n\t\t\t\t\t\t\t\t\t\t\t\t\t\t\t<img decoding=\"async\" width=\"800\" height=\"640\" src=\"https:\/\/veri.pe\/wp-content\/uploads\/2024\/02\/IMG_1771-1024x819.jpg\" class=\"attachment-large size-large wp-image-902\" alt=\"\" srcset=\"https:\/\/veri.pe\/wp-content\/uploads\/2024\/02\/IMG_1771-1024x819.jpg 1024w, https:\/\/veri.pe\/wp-content\/uploads\/2024\/02\/IMG_1771-300x240.jpg 300w, https:\/\/veri.pe\/wp-content\/uploads\/2024\/02\/IMG_1771-768x614.jpg 768w, https:\/\/veri.pe\/wp-content\/uploads\/2024\/02\/IMG_1771-1536x1229.jpg 1536w, https:\/\/veri.pe\/wp-content\/uploads\/2024\/02\/IMG_1771-2048x1638.jpg 2048w\" sizes=\"(max-width: 800px) 100vw, 800px\" \/>\t\t\t\t\t\t\t\t\t\t\t\t\t\t\t<\/div>\n\t\t\t\t<\/div>\n\t\t\t\t\t<\/div>\n\t\t<\/div>\n\t\t\t\t<div class=\"elementor-column elementor-col-33 elementor-top-column elementor-element elementor-element-66e2f3b\" data-id=\"66e2f3b\" data-element_type=\"column\" data-e-type=\"column\">\n\t\t\t<div class=\"elementor-widget-wrap elementor-element-populated\">\n\t\t\t\t\t\t<div class=\"elementor-element elementor-element-dd9ca05 elementor-widget elementor-widget-image\" data-id=\"dd9ca05\" data-element_type=\"widget\" data-e-type=\"widget\" data-widget_type=\"image.default\">\n\t\t\t\t<div class=\"elementor-widget-container\">\n\t\t\t\t\t\t\t\t\t\t\t\t\t\t\t<img decoding=\"async\" width=\"800\" height=\"1000\" src=\"https:\/\/veri.pe\/wp-content\/uploads\/2024\/02\/IMG_1780-819x1024.jpg\" class=\"attachment-large size-large wp-image-904\" alt=\"\" srcset=\"https:\/\/veri.pe\/wp-content\/uploads\/2024\/02\/IMG_1780-819x1024.jpg 819w, https:\/\/veri.pe\/wp-content\/uploads\/2024\/02\/IMG_1780-240x300.jpg 240w, https:\/\/veri.pe\/wp-content\/uploads\/2024\/02\/IMG_1780-768x960.jpg 768w, https:\/\/veri.pe\/wp-content\/uploads\/2024\/02\/IMG_1780-1229x1536.jpg 1229w, https:\/\/veri.pe\/wp-content\/uploads\/2024\/02\/IMG_1780-1638x2048.jpg 1638w, https:\/\/veri.pe\/wp-content\/uploads\/2024\/02\/IMG_1780-scaled.jpg 2048w\" sizes=\"(max-width: 800px) 100vw, 800px\" \/>\t\t\t\t\t\t\t\t\t\t\t\t\t\t\t<\/div>\n\t\t\t\t<\/div>\n\t\t\t\t\t<\/div>\n\t\t<\/div>\n\t\t\t\t<div class=\"elementor-column elementor-col-33 elementor-top-column elementor-element elementor-element-db0f925\" data-id=\"db0f925\" data-element_type=\"column\" data-e-type=\"column\">\n\t\t\t<div class=\"elementor-widget-wrap elementor-element-populated\">\n\t\t\t\t\t\t<div class=\"elementor-element elementor-element-9209978 elementor-widget elementor-widget-image\" data-id=\"9209978\" data-element_type=\"widget\" data-e-type=\"widget\" data-widget_type=\"image.default\">\n\t\t\t\t<div class=\"elementor-widget-container\">\n\t\t\t\t\t\t\t\t\t\t\t\t\t\t\t<img loading=\"lazy\" decoding=\"async\" width=\"800\" height=\"640\" src=\"https:\/\/veri.pe\/wp-content\/uploads\/2024\/02\/IMG_1779-1024x819.jpg\" class=\"attachment-large size-large wp-image-903\" alt=\"\" srcset=\"https:\/\/veri.pe\/wp-content\/uploads\/2024\/02\/IMG_1779-1024x819.jpg 1024w, https:\/\/veri.pe\/wp-content\/uploads\/2024\/02\/IMG_1779-300x240.jpg 300w, https:\/\/veri.pe\/wp-content\/uploads\/2024\/02\/IMG_1779-768x614.jpg 768w, https:\/\/veri.pe\/wp-content\/uploads\/2024\/02\/IMG_1779-1536x1229.jpg 1536w, https:\/\/veri.pe\/wp-content\/uploads\/2024\/02\/IMG_1779-2048x1638.jpg 2048w\" sizes=\"(max-width: 800px) 100vw, 800px\" \/>\t\t\t\t\t\t\t\t\t\t\t\t\t\t\t<\/div>\n\t\t\t\t<\/div>\n\t\t\t\t\t<\/div>\n\t\t<\/div>\n\t\t\t\t\t<\/div>\n\t\t<\/section>\n\t\t\t\t<\/div>\n\t\t","protected":false},"excerpt":{"rendered":"<p>Publicaciones Quimera (2019) \u201cEs amor y desamor. Es alcanzar lo imposible. Es la calma, la tranquilidad. El caos y el placer. Es el deseo, la imaginaci\u00f3n y las ganas. Es esta necedad de correr en contra del viento y el reloj. Es la quimera de mis d\u00edas. Es la quimera de mi vida.\u201d \u201cIt is [&hellip;]<\/p>\n","protected":false},"author":1,"featured_media":0,"parent":0,"menu_order":0,"comment_status":"closed","ping_status":"closed","template":"","meta":{"footnotes":""},"class_list":["post-115","page","type-page","status-publish","hentry"],"_links":{"self":[{"href":"https:\/\/veri.pe\/index.php?rest_route=\/wp\/v2\/pages\/115","targetHints":{"allow":["GET"]}}],"collection":[{"href":"https:\/\/veri.pe\/index.php?rest_route=\/wp\/v2\/pages"}],"about":[{"href":"https:\/\/veri.pe\/index.php?rest_route=\/wp\/v2\/types\/page"}],"author":[{"embeddable":true,"href":"https:\/\/veri.pe\/index.php?rest_route=\/wp\/v2\/users\/1"}],"replies":[{"embeddable":true,"href":"https:\/\/veri.pe\/index.php?rest_route=%2Fwp%2Fv2%2Fcomments&post=115"}],"version-history":[{"count":31,"href":"https:\/\/veri.pe\/index.php?rest_route=\/wp\/v2\/pages\/115\/revisions"}],"predecessor-version":[{"id":923,"href":"https:\/\/veri.pe\/index.php?rest_route=\/wp\/v2\/pages\/115\/revisions\/923"}],"wp:attachment":[{"href":"https:\/\/veri.pe\/index.php?rest_route=%2Fwp%2Fv2%2Fmedia&parent=115"}],"curies":[{"name":"wp","href":"https:\/\/api.w.org\/{rel}","templated":true}]}}